{"id":97,"date":"2022-11-25T20:46:39","date_gmt":"2022-11-25T19:46:39","guid":{"rendered":"https:\/\/simpozij13.hdzz.hr\/?page_id=97"},"modified":"2023-01-19T13:23:37","modified_gmt":"2023-01-19T12:23:37","slug":"poziv-za-izlagace","status":"publish","type":"page","link":"https:\/\/simpozij13.hdzz.hr\/en\/general\/invitation-for-exhibitors\/","title":{"rendered":"Invitation for exhibitors"},"content":{"rendered":"Within the framework of the 13th Symposium of the Croatian Radiation Protection Society, space will be provided for exhibitors who want to promote their products, the use of which is related to the themes of the symposium, such as instruments, books, advertising leaflets and other products.<\/p>\n<p>The rent for the exhibition space is 400\u20ac (3013,80 HRK). In addition to the above, by paying the registration fee, representatives\/exhibitors are entitled to all printed materials, a welcome cocktail, coffee or tea during the break and a festive dinner.<\/p>\n<p>We invite you to contact us via e-mail: <a href=\"mailto:hdzz13@imi.hr\">hdzz13@imi.hr<\/a> about the possibilities and methods of sponsoring the symposium.<\/p>\n<p>The total fee can be paid by bank transfer to:<\/p>\n<p>Croatian Radiation Protection Association<br \/>\nSWIFT. ZABAHR2X<br \/>\nIBAN: HR5423600001101254463<br \/>\nZagreba\u010dka banka d.d.; Trg bana Josipa Jela\u010di\u0107a 10, Zagreb<\/p>\n<p>Please remark: &#8220;For 13th Symposium CRPA&#8221; and put your name and\/or the name of your institution\/organization.<\/p>\n<p><!--\n\n<div style=\"font-size: 21px; fotn-weight: 300; padding-bottom: 24px;\">Registration<\/div>\n\n\n[cf7form cf7key=\"exhibition-registration-form\"]\n\n\n\n<style>\ninput.wpcf7-form-control.wpcf7-number.wpcf7-validates-as-required.wpcf7-validates-as-number {<br \/>\n    width: 98%;<br \/>\n}<br \/>\n.cf7-smart-grid.has-grid .wpcf7-form-control:not(img) {<br \/>\n    min-height: 29px;<br \/>\n}<br \/>\n<\/style>\n\n\n-->","protected":false},"excerpt":{"rendered":"<p>Within the framework of the 13th Symposium of the Croatian Radiation Protection Society, space will be provided for exhibitors who want to promote their products, the use of which is related to&#46;&#46;&#46;<\/p>\n","protected":false},"author":1,"featured_media":0,"parent":77,"menu_order":0,"comment_status":"closed","ping_status":"closed","template":"template-full-width.php","meta":{"ngg_post_thumbnail":0,"footnotes":"","_links_to":"","_links_to_target":""},"class_list":["post-97","page","type-page","status-publish","hentry"],"yoast_head":"<!-- This site is optimized with the Yoast SEO plugin v25.0 - https:\/\/yoast.com\/wordpress\/plugins\/seo\/ -->\n<title>Invitation for exhibitors - 13th Symposium of the Croatian radiation protection associationHDZZ13<\/title>\n<meta name=\"robots\" content=\"index, follow, max-snippet:-1, max-image-preview:large, max-video-preview:-1\" \/>\n<link rel=\"canonical\" href=\"https:\/\/simpozij13.hdzz.hr\/opcenito\/poziv-za-izlagace\/\" \/>\n<meta property=\"og:locale\" content=\"en_US\" \/>\n<meta property=\"og:type\" content=\"article\" \/>\n<meta property=\"og:title\" content=\"[:hr]Poziv za izlaga\u010de[:en]Invitation for exhibitors[:] - 13th Symposium of the Croatian radiation protection associationHDZZ13\" \/>\n<meta property=\"og:description\" content=\"Within the framework of the 13th Symposium of the Croatian Radiation Protection Society, space will be provided for exhibitors who want to promote their products, the use of which is related to&#046;&#046;&#046;\" \/>\n<meta property=\"og:url\" content=\"https:\/\/simpozij13.hdzz.hr\/opcenito\/poziv-za-izlagace\/\" \/>\n<meta property=\"og:site_name\" content=\"13th Symposium of the Croatian radiation protection associationHDZZ13\" \/>\n<meta property=\"article:modified_time\" content=\"2023-01-19T12:23:37+00:00\" \/>\n<meta name=\"twitter:card\" content=\"summary_large_image\" \/>\n<meta name=\"twitter:label1\" content=\"Est. reading time\" \/>\n\t<meta name=\"twitter:data1\" content=\"2 minutes\" \/>\n<script type=\"application\/ld+json\" class=\"yoast-schema-graph\">{\"@context\":\"https:\/\/schema.org\",\"@graph\":[{\"@type\":\"WebPage\",\"@id\":\"https:\/\/simpozij13.hdzz.hr\/opcenito\/poziv-za-izlagace\/\",\"url\":\"https:\/\/simpozij13.hdzz.hr\/opcenito\/poziv-za-izlagace\/\",\"name\":\"[:hr]Poziv za izlaga\u010de[:en]Invitation for exhibitors[:] - 13th Symposium of the Croatian radiation protection associationHDZZ13\",\"isPartOf\":{\"@id\":\"https:\/\/simpozij13.hdzz.hr\/en\/#website\"},\"datePublished\":\"2022-11-25T19:46:39+00:00\",\"dateModified\":\"2023-01-19T12:23:37+00:00\",\"breadcrumb\":{\"@id\":\"https:\/\/simpozij13.hdzz.hr\/opcenito\/poziv-za-izlagace\/#breadcrumb\"},\"inLanguage\":\"en-US\",\"potentialAction\":[{\"@type\":\"ReadAction\",\"target\":[\"https:\/\/simpozij13.hdzz.hr\/opcenito\/poziv-za-izlagace\/\"]}]},{\"@type\":\"BreadcrumbList\",\"@id\":\"https:\/\/simpozij13.hdzz.hr\/opcenito\/poziv-za-izlagace\/#breadcrumb\",\"itemListElement\":[{\"@type\":\"ListItem\",\"position\":1,\"name\":\"Po\u010detna stranica\",\"item\":\"https:\/\/simpozij13.hdzz.hr\/\"},{\"@type\":\"ListItem\",\"position\":2,\"name\":\"Op\u0107enito\"},{\"@type\":\"ListItem\",\"position\":3,\"name\":\"Poziv za izlaga\u010de\"}]},{\"@type\":\"WebSite\",\"@id\":\"https:\/\/simpozij13.hdzz.hr\/en\/#website\",\"url\":\"https:\/\/simpozij13.hdzz.hr\/en\/\",\"name\":\"13th Symposium of the Croatian radiation protection associationHDZZ13\",\"description\":\"Croatian radiation protection association\",\"publisher\":{\"@id\":\"https:\/\/simpozij13.hdzz.hr\/en\/#organization\"},\"potentialAction\":[{\"@type\":\"SearchAction\",\"target\":{\"@type\":\"EntryPoint\",\"urlTemplate\":\"https:\/\/simpozij13.hdzz.hr\/en\/?s={search_term_string}\"},\"query-input\":{\"@type\":\"PropertyValueSpecification\",\"valueRequired\":true,\"valueName\":\"search_term_string\"}}],\"inLanguage\":\"en-US\"},{\"@type\":\"Organization\",\"@id\":\"https:\/\/simpozij13.hdzz.hr\/en\/#organization\",\"name\":\"13. Simpozij Hrvatskog dru\u0161tva za za\u0161titu od zra\u010denja\",\"url\":\"https:\/\/simpozij13.hdzz.hr\/en\/\",\"logo\":{\"@type\":\"ImageObject\",\"inLanguage\":\"en-US\",\"@id\":\"https:\/\/simpozij13.hdzz.hr\/en\/#\/schema\/logo\/image\/\",\"url\":\"https:\/\/simpozij13.hdzz.hr\/wp-content\/uploads\/2022\/11\/HDZZ_en.png\",\"contentUrl\":\"https:\/\/simpozij13.hdzz.hr\/wp-content\/uploads\/2022\/11\/HDZZ_en.png\",\"width\":400,\"height\":400,\"caption\":\"13. Simpozij Hrvatskog dru\u0161tva za za\u0161titu od zra\u010denja\"},\"image\":{\"@id\":\"https:\/\/simpozij13.hdzz.hr\/en\/#\/schema\/logo\/image\/\"}}]}<\/script>\n<!-- \/ Yoast SEO plugin. -->","yoast_head_json":{"title":"[:hr]Poziv za izlaga\u010de[:en]Invitation for exhibitors[:] - 13th Symposium of the Croatian radiation protection associationHDZZ13","robots":{"index":"index","follow":"follow","max-snippet":"max-snippet:-1","max-image-preview":"max-image-preview:large","max-video-preview":"max-video-preview:-1"},"canonical":"https:\/\/simpozij13.hdzz.hr\/opcenito\/poziv-za-izlagace\/","og_locale":"en_US","og_type":"article","og_title":"[:hr]Poziv za izlaga\u010de[:en]Invitation for exhibitors[:] - 13th Symposium of the Croatian radiation protection associationHDZZ13","og_description":"Within the framework of the 13th Symposium of the Croatian Radiation Protection Society, space will be provided for exhibitors who want to promote their products, the use of which is related to&#46;&#46;&#46;","og_url":"https:\/\/simpozij13.hdzz.hr\/opcenito\/poziv-za-izlagace\/","og_site_name":"13th Symposium of the Croatian radiation protection associationHDZZ13","article_modified_time":"2023-01-19T12:23:37+00:00","twitter_card":"summary_large_image","twitter_misc":{"Est. reading time":"2 minutes"},"schema":{"@context":"https:\/\/schema.org","@graph":[{"@type":"WebPage","@id":"https:\/\/simpozij13.hdzz.hr\/opcenito\/poziv-za-izlagace\/","url":"https:\/\/simpozij13.hdzz.hr\/opcenito\/poziv-za-izlagace\/","name":"[:hr]Poziv za izlaga\u010de[:en]Invitation for exhibitors[:] - 13th Symposium of the Croatian radiation protection associationHDZZ13","isPartOf":{"@id":"https:\/\/simpozij13.hdzz.hr\/en\/#website"},"datePublished":"2022-11-25T19:46:39+00:00","dateModified":"2023-01-19T12:23:37+00:00","breadcrumb":{"@id":"https:\/\/simpozij13.hdzz.hr\/opcenito\/poziv-za-izlagace\/#breadcrumb"},"inLanguage":"en-US","potentialAction":[{"@type":"ReadAction","target":["https:\/\/simpozij13.hdzz.hr\/opcenito\/poziv-za-izlagace\/"]}]},{"@type":"BreadcrumbList","@id":"https:\/\/simpozij13.hdzz.hr\/opcenito\/poziv-za-izlagace\/#breadcrumb","itemListElement":[{"@type":"ListItem","position":1,"name":"Po\u010detna stranica","item":"https:\/\/simpozij13.hdzz.hr\/"},{"@type":"ListItem","position":2,"name":"Op\u0107enito"},{"@type":"ListItem","position":3,"name":"Poziv za izlaga\u010de"}]},{"@type":"WebSite","@id":"https:\/\/simpozij13.hdzz.hr\/en\/#website","url":"https:\/\/simpozij13.hdzz.hr\/en\/","name":"13th Symposium of the Croatian radiation protection associationHDZZ13","description":"Croatian radiation protection association","publisher":{"@id":"https:\/\/simpozij13.hdzz.hr\/en\/#organization"},"potentialAction":[{"@type":"SearchAction","target":{"@type":"EntryPoint","urlTemplate":"https:\/\/simpozij13.hdzz.hr\/en\/?s={search_term_string}"},"query-input":{"@type":"PropertyValueSpecification","valueRequired":true,"valueName":"search_term_string"}}],"inLanguage":"en-US"},{"@type":"Organization","@id":"https:\/\/simpozij13.hdzz.hr\/en\/#organization","name":"13. Simpozij Hrvatskog dru\u0161tva za za\u0161titu od zra\u010denja","url":"https:\/\/simpozij13.hdzz.hr\/en\/","logo":{"@type":"ImageObject","inLanguage":"en-US","@id":"https:\/\/simpozij13.hdzz.hr\/en\/#\/schema\/logo\/image\/","url":"https:\/\/simpozij13.hdzz.hr\/wp-content\/uploads\/2022\/11\/HDZZ_en.png","contentUrl":"https:\/\/simpozij13.hdzz.hr\/wp-content\/uploads\/2022\/11\/HDZZ_en.png","width":400,"height":400,"caption":"13. Simpozij Hrvatskog dru\u0161tva za za\u0161titu od zra\u010denja"},"image":{"@id":"https:\/\/simpozij13.hdzz.hr\/en\/#\/schema\/logo\/image\/"}}]}},"_links":{"self":[{"href":"https:\/\/simpozij13.hdzz.hr\/en\/wp-json\/wp\/v2\/pages\/97","targetHints":{"allow":["GET"]}}],"collection":[{"href":"https:\/\/simpozij13.hdzz.hr\/en\/wp-json\/wp\/v2\/pages"}],"about":[{"href":"https:\/\/simpozij13.hdzz.hr\/en\/wp-json\/wp\/v2\/types\/page"}],"author":[{"embeddable":true,"href":"https:\/\/simpozij13.hdzz.hr\/en\/wp-json\/wp\/v2\/users\/1"}],"replies":[{"embeddable":true,"href":"https:\/\/simpozij13.hdzz.hr\/en\/wp-json\/wp\/v2\/comments?post=97"}],"version-history":[{"count":9,"href":"https:\/\/simpozij13.hdzz.hr\/en\/wp-json\/wp\/v2\/pages\/97\/revisions"}],"predecessor-version":[{"id":313,"href":"https:\/\/simpozij13.hdzz.hr\/en\/wp-json\/wp\/v2\/pages\/97\/revisions\/313"}],"up":[{"embeddable":true,"href":"https:\/\/simpozij13.hdzz.hr\/en\/wp-json\/wp\/v2\/pages\/77"}],"wp:attachment":[{"href":"https:\/\/simpozij13.hdzz.hr\/en\/wp-json\/wp\/v2\/media?parent=97"}],"curies":[{"name":"wp","href":"https:\/\/api.w.org\/{rel}","templated":true}]}}