{"id":90,"date":"2022-11-25T20:39:36","date_gmt":"2022-11-25T19:39:36","guid":{"rendered":"https:\/\/simpozij13.hdzz.hr\/?page_id=90"},"modified":"2022-12-05T16:26:50","modified_gmt":"2022-12-05T15:26:50","slug":"odbor","status":"publish","type":"page","link":"https:\/\/simpozij13.hdzz.hr\/en\/general\/committee\/","title":{"rendered":"Committee"},"content":{"rendered":"<div class=\"su-row\">\n<div class=\"su-column su-column-size-1-2\"><div class=\"su-column-inner su-u-clearfix su-u-trim\">\n<h3>SCIENTIFIC COMMITTEE<\/h3>\n<div class=\"su-list\" style=\"margin-left:0px\">\n<ul>\n<li><i class=\"sui sui-arrow-circle-right\" style=\"color:#FAAE00\"><\/i> Branko Petrinec, president of the scientific committee<\/li>\n<li><i class=\"sui sui-arrow-circle-right\" style=\"color:#FAAE00\"><\/i> Dinko Babi\u0107<\/li>\n<li><i class=\"sui sui-arrow-circle-right\" style=\"color:#FAAE00\"><\/i> Tomislav Bituh<\/li>\n<li><i class=\"sui sui-arrow-circle-right\" style=\"color:#FAAE00\"><\/i> Tomislav Bokuli\u0107<\/li>\n<li><i class=\"sui sui-arrow-circle-right\" style=\"color:#FAAE00\"><\/i> Goran Gajski<\/li>\n<li><i class=\"sui sui-arrow-circle-right\" style=\"color:#FAAE00\"><\/i> Nevenka Kopjar<\/li>\n<li><i class=\"sui sui-arrow-circle-right\" style=\"color:#FAAE00\"><\/i> \u017deljka Kne\u017eevi\u0107 Medija<\/li>\n<li><i class=\"sui sui-arrow-circle-right\" style=\"color:#FAAE00\"><\/i> \u017deljko Grahek<\/li>\n<li><i class=\"sui sui-arrow-circle-right\" style=\"color:#FAAE00\"><\/i> Marija Majer<\/li>\n<li><i class=\"sui sui-arrow-circle-right\" style=\"color:#FAAE00\"><\/i> Jelena Popi\u0107<\/li>\n<li><i class=\"sui sui-arrow-circle-right\" style=\"color:#FAAE00\"><\/i> Hrvoje Hr\u0161ak<\/li>\n<li><i class=\"sui sui-arrow-circle-right\" style=\"color:#FAAE00\"><\/i> Vanja Radoli\u0107<\/li>\n<\/ul>\n<\/div>\n<\/div><\/div>\n<div class=\"su-column su-column-size-1-2\"><div class=\"su-column-inner su-u-clearfix su-u-trim\">\n<h3>ORGANIZING COMMITTEE<\/h3>\n<div class=\"su-list\" style=\"margin-left:0px\">\n<ul>\n<li><i class=\"sui sui-arrow-circle-right\" style=\"color:#79BA28\"><\/i> Luka Paveli\u0107, chairman of the organizing committee<\/li>\n<li><i class=\"sui sui-arrow-circle-right\" style=\"color:#79BA28\"><\/i> Marko Geri\u0107<\/li>\n<li><i class=\"sui sui-arrow-circle-right\" style=\"color:#79BA28\"><\/i> Silvija Kobe\u0161\u0107ak<\/li>\n<li><i class=\"sui sui-arrow-circle-right\" style=\"color:#79BA28\"><\/i> Tea \u010cvori\u0161\u010dec<\/li>\n<li><i class=\"sui sui-arrow-circle-right\" style=\"color:#79BA28\"><\/i> Iva Franulovi\u0107<\/li>\n<li><i class=\"sui sui-arrow-circle-right\" style=\"color:#79BA28\"><\/i> Milica Kova\u010di\u0107<\/li>\n<li><i class=\"sui sui-arrow-circle-right\" style=\"color:#79BA28\"><\/i> Martina Dragi\u010devi\u0107<\/li>\n<li><i class=\"sui sui-arrow-circle-right\" style=\"color:#79BA28\"><\/i> Ivana Coha<\/li>\n<li><i class=\"sui sui-arrow-circle-right\" style=\"color:#79BA28\"><\/i> Gorana Karanovi\u0107<\/li>\n<li><i class=\"sui sui-arrow-circle-right\" style=\"color:#79BA28\"><\/i> Marijana Nodilo<\/li>\n<li><i class=\"sui sui-arrow-circle-right\" style=\"color:#79BA28\"><\/i> Marina Poje Sovilj<\/li>\n<li><i class=\"sui sui-arrow-circle-right\" style=\"color:#79BA28\"><\/i> Andrea Vukoja<\/li>\n<li><i class=\"sui sui-arrow-circle-right\" style=\"color:#79BA28\"><\/i> Mihaela Mlinari\u0107<\/li>\n<li><i class=\"sui sui-arrow-circle-right\" style=\"color:#79BA28\"><\/i> Ante Matani\u0107<\/li>\n<li><i class=\"sui sui-arrow-circle-right\" style=\"color:#79BA28\"><\/i> Galla Uroi\u0107<\/li>\n<\/ul>\n<\/div>\n<\/div><\/div>\n<\/div>","protected":false},"excerpt":{"rendered":"","protected":false},"author":1,"featured_media":0,"parent":77,"menu_order":0,"comment_status":"closed","ping_status":"closed","template":"template-full-width.php","meta":{"ngg_post_thumbnail":0,"footnotes":"","_links_to":"","_links_to_target":""},"class_list":["post-90","page","type-page","status-publish","hentry"],"yoast_head":"<!-- This site is optimized with the Yoast SEO plugin v25.0 - https:\/\/yoast.com\/wordpress\/plugins\/seo\/ -->\n<title>Committee - 13th Symposium of the Croatian radiation protection associationHDZZ13<\/title>\n<meta name=\"robots\" content=\"index, follow, max-snippet:-1, max-image-preview:large, max-video-preview:-1\" \/>\n<link rel=\"canonical\" href=\"https:\/\/simpozij13.hdzz.hr\/opcenito\/odbor\/\" \/>\n<meta property=\"og:locale\" content=\"en_US\" \/>\n<meta property=\"og:type\" content=\"article\" \/>\n<meta property=\"og:title\" content=\"[:hr]Odbor[:en]Committee[:] - 13th Symposium of the Croatian radiation protection associationHDZZ13\" \/>\n<meta property=\"og:url\" content=\"https:\/\/simpozij13.hdzz.hr\/opcenito\/odbor\/\" \/>\n<meta property=\"og:site_name\" content=\"13th Symposium of the Croatian radiation protection associationHDZZ13\" \/>\n<meta property=\"article:modified_time\" content=\"2022-12-05T15:26:50+00:00\" \/>\n<meta name=\"twitter:card\" content=\"summary_large_image\" \/>\n<meta name=\"twitter:label1\" content=\"Est. reading time\" \/>\n\t<meta name=\"twitter:data1\" content=\"2 minutes\" \/>\n<script type=\"application\/ld+json\" class=\"yoast-schema-graph\">{\"@context\":\"https:\/\/schema.org\",\"@graph\":[{\"@type\":\"WebPage\",\"@id\":\"https:\/\/simpozij13.hdzz.hr\/opcenito\/odbor\/\",\"url\":\"https:\/\/simpozij13.hdzz.hr\/opcenito\/odbor\/\",\"name\":\"[:hr]Odbor[:en]Committee[:] - 13th Symposium of the Croatian radiation protection associationHDZZ13\",\"isPartOf\":{\"@id\":\"https:\/\/simpozij13.hdzz.hr\/en\/#website\"},\"datePublished\":\"2022-11-25T19:39:36+00:00\",\"dateModified\":\"2022-12-05T15:26:50+00:00\",\"breadcrumb\":{\"@id\":\"https:\/\/simpozij13.hdzz.hr\/opcenito\/odbor\/#breadcrumb\"},\"inLanguage\":\"en-US\",\"potentialAction\":[{\"@type\":\"ReadAction\",\"target\":[\"https:\/\/simpozij13.hdzz.hr\/opcenito\/odbor\/\"]}]},{\"@type\":\"BreadcrumbList\",\"@id\":\"https:\/\/simpozij13.hdzz.hr\/opcenito\/odbor\/#breadcrumb\",\"itemListElement\":[{\"@type\":\"ListItem\",\"position\":1,\"name\":\"Po\u010detna stranica\",\"item\":\"https:\/\/simpozij13.hdzz.hr\/\"},{\"@type\":\"ListItem\",\"position\":2,\"name\":\"Op\u0107enito\"},{\"@type\":\"ListItem\",\"position\":3,\"name\":\"Odbor\"}]},{\"@type\":\"WebSite\",\"@id\":\"https:\/\/simpozij13.hdzz.hr\/en\/#website\",\"url\":\"https:\/\/simpozij13.hdzz.hr\/en\/\",\"name\":\"13th Symposium of the Croatian radiation protection associationHDZZ13\",\"description\":\"Croatian radiation protection association\",\"publisher\":{\"@id\":\"https:\/\/simpozij13.hdzz.hr\/en\/#organization\"},\"potentialAction\":[{\"@type\":\"SearchAction\",\"target\":{\"@type\":\"EntryPoint\",\"urlTemplate\":\"https:\/\/simpozij13.hdzz.hr\/en\/?s={search_term_string}\"},\"query-input\":{\"@type\":\"PropertyValueSpecification\",\"valueRequired\":true,\"valueName\":\"search_term_string\"}}],\"inLanguage\":\"en-US\"},{\"@type\":\"Organization\",\"@id\":\"https:\/\/simpozij13.hdzz.hr\/en\/#organization\",\"name\":\"13. Simpozij Hrvatskog dru\u0161tva za za\u0161titu od zra\u010denja\",\"url\":\"https:\/\/simpozij13.hdzz.hr\/en\/\",\"logo\":{\"@type\":\"ImageObject\",\"inLanguage\":\"en-US\",\"@id\":\"https:\/\/simpozij13.hdzz.hr\/en\/#\/schema\/logo\/image\/\",\"url\":\"https:\/\/simpozij13.hdzz.hr\/wp-content\/uploads\/2022\/11\/HDZZ_en.png\",\"contentUrl\":\"https:\/\/simpozij13.hdzz.hr\/wp-content\/uploads\/2022\/11\/HDZZ_en.png\",\"width\":400,\"height\":400,\"caption\":\"13. Simpozij Hrvatskog dru\u0161tva za za\u0161titu od zra\u010denja\"},\"image\":{\"@id\":\"https:\/\/simpozij13.hdzz.hr\/en\/#\/schema\/logo\/image\/\"}}]}<\/script>\n<!-- \/ Yoast SEO plugin. -->","yoast_head_json":{"title":"[:hr]Odbor[:en]Committee[:] - 13th Symposium of the Croatian radiation protection associationHDZZ13","robots":{"index":"index","follow":"follow","max-snippet":"max-snippet:-1","max-image-preview":"max-image-preview:large","max-video-preview":"max-video-preview:-1"},"canonical":"https:\/\/simpozij13.hdzz.hr\/opcenito\/odbor\/","og_locale":"en_US","og_type":"article","og_title":"[:hr]Odbor[:en]Committee[:] - 13th Symposium of the Croatian radiation protection associationHDZZ13","og_url":"https:\/\/simpozij13.hdzz.hr\/opcenito\/odbor\/","og_site_name":"13th Symposium of the Croatian radiation protection associationHDZZ13","article_modified_time":"2022-12-05T15:26:50+00:00","twitter_card":"summary_large_image","twitter_misc":{"Est. reading time":"2 minutes"},"schema":{"@context":"https:\/\/schema.org","@graph":[{"@type":"WebPage","@id":"https:\/\/simpozij13.hdzz.hr\/opcenito\/odbor\/","url":"https:\/\/simpozij13.hdzz.hr\/opcenito\/odbor\/","name":"[:hr]Odbor[:en]Committee[:] - 13th Symposium of the Croatian radiation protection associationHDZZ13","isPartOf":{"@id":"https:\/\/simpozij13.hdzz.hr\/en\/#website"},"datePublished":"2022-11-25T19:39:36+00:00","dateModified":"2022-12-05T15:26:50+00:00","breadcrumb":{"@id":"https:\/\/simpozij13.hdzz.hr\/opcenito\/odbor\/#breadcrumb"},"inLanguage":"en-US","potentialAction":[{"@type":"ReadAction","target":["https:\/\/simpozij13.hdzz.hr\/opcenito\/odbor\/"]}]},{"@type":"BreadcrumbList","@id":"https:\/\/simpozij13.hdzz.hr\/opcenito\/odbor\/#breadcrumb","itemListElement":[{"@type":"ListItem","position":1,"name":"Po\u010detna stranica","item":"https:\/\/simpozij13.hdzz.hr\/"},{"@type":"ListItem","position":2,"name":"Op\u0107enito"},{"@type":"ListItem","position":3,"name":"Odbor"}]},{"@type":"WebSite","@id":"https:\/\/simpozij13.hdzz.hr\/en\/#website","url":"https:\/\/simpozij13.hdzz.hr\/en\/","name":"13th Symposium of the Croatian radiation protection associationHDZZ13","description":"Croatian radiation protection association","publisher":{"@id":"https:\/\/simpozij13.hdzz.hr\/en\/#organization"},"potentialAction":[{"@type":"SearchAction","target":{"@type":"EntryPoint","urlTemplate":"https:\/\/simpozij13.hdzz.hr\/en\/?s={search_term_string}"},"query-input":{"@type":"PropertyValueSpecification","valueRequired":true,"valueName":"search_term_string"}}],"inLanguage":"en-US"},{"@type":"Organization","@id":"https:\/\/simpozij13.hdzz.hr\/en\/#organization","name":"13. Simpozij Hrvatskog dru\u0161tva za za\u0161titu od zra\u010denja","url":"https:\/\/simpozij13.hdzz.hr\/en\/","logo":{"@type":"ImageObject","inLanguage":"en-US","@id":"https:\/\/simpozij13.hdzz.hr\/en\/#\/schema\/logo\/image\/","url":"https:\/\/simpozij13.hdzz.hr\/wp-content\/uploads\/2022\/11\/HDZZ_en.png","contentUrl":"https:\/\/simpozij13.hdzz.hr\/wp-content\/uploads\/2022\/11\/HDZZ_en.png","width":400,"height":400,"caption":"13. Simpozij Hrvatskog dru\u0161tva za za\u0161titu od zra\u010denja"},"image":{"@id":"https:\/\/simpozij13.hdzz.hr\/en\/#\/schema\/logo\/image\/"}}]}},"_links":{"self":[{"href":"https:\/\/simpozij13.hdzz.hr\/en\/wp-json\/wp\/v2\/pages\/90","targetHints":{"allow":["GET"]}}],"collection":[{"href":"https:\/\/simpozij13.hdzz.hr\/en\/wp-json\/wp\/v2\/pages"}],"about":[{"href":"https:\/\/simpozij13.hdzz.hr\/en\/wp-json\/wp\/v2\/types\/page"}],"author":[{"embeddable":true,"href":"https:\/\/simpozij13.hdzz.hr\/en\/wp-json\/wp\/v2\/users\/1"}],"replies":[{"embeddable":true,"href":"https:\/\/simpozij13.hdzz.hr\/en\/wp-json\/wp\/v2\/comments?post=90"}],"version-history":[{"count":6,"href":"https:\/\/simpozij13.hdzz.hr\/en\/wp-json\/wp\/v2\/pages\/90\/revisions"}],"predecessor-version":[{"id":221,"href":"https:\/\/simpozij13.hdzz.hr\/en\/wp-json\/wp\/v2\/pages\/90\/revisions\/221"}],"up":[{"embeddable":true,"href":"https:\/\/simpozij13.hdzz.hr\/en\/wp-json\/wp\/v2\/pages\/77"}],"wp:attachment":[{"href":"https:\/\/simpozij13.hdzz.hr\/en\/wp-json\/wp\/v2\/media?parent=90"}],"curies":[{"name":"wp","href":"https:\/\/api.w.org\/{rel}","templated":true}]}}