{"id":79,"date":"2022-11-25T20:22:36","date_gmt":"2022-11-25T19:22:36","guid":{"rendered":"https:\/\/simpozij13.hdzz.hr\/?page_id=79"},"modified":"2023-02-04T11:21:50","modified_gmt":"2023-02-04T10:21:50","slug":"kotizacija","status":"publish","type":"page","link":"https:\/\/simpozij13.hdzz.hr\/en\/general\/registration-fee\/","title":{"rendered":"Registration Fee"},"content":{"rendered":"<style>\ntable th, table td, table caption {<br \/>    vertical-align: middle;<br \/>}<br \/><\/style>\n<div class=\"su-table su-table-responsive su-table-alternate\">\n<table>\n<tbody>\n<tr>\n<td>&nbsp;<\/td>\n<td>\n<div style=\"text-align: center\"><strong>UNTIL<\/strong><br \/>\n10<sup>th<\/sup> March 2023<\/div>\n<\/td>\n<td>\n<div style=\"text-align: center\"><strong>AFTER<\/strong><br \/>\n10<sup>th<\/sup> March 2023<\/div>\n<\/td>\n<\/tr>\n<tr>\n<td>CRPA Members and authors<\/td>\n<td>\n<div style=\"text-align: right\">300.00 \u20ac (2,260.35 kn)<\/div>\n<\/td>\n<td>\n<div style=\"text-align: right\">350.00 \u20ac (2,637.08 kn)<\/div>\n<\/td>\n<\/tr>\n<tr>\n<td>Young members of CRPA, who are the authors*<\/td>\n<td>\n<div style=\"text-align: right\">250.00 \u20ac (1,883.63 kn)<\/div>\n<\/td>\n<td>\n<div style=\"text-align: right\">300.00 \u20ac (2,260.35 kn)<\/div>\n<\/td>\n<\/tr>\n<tr>\n<td>Other<\/td>\n<td>\n<div style=\"text-align: right\">350.00 \u20ac (2,637.08 kn)<\/div>\n<\/td>\n<td>\n<div style=\"text-align: right\">400.00 \u20ac (3,013.80 kn)<\/div>\n<\/td>\n<\/tr>\n<tr>\n<td>Accompanying person<\/td>\n<td>\n<div style=\"text-align: right\">100.00 \u20ac (753,45 kn)<\/div>\n<\/td>\n<td>\n<div style=\"text-align: right\">100.00 \u20ac (753,45 kn)<\/div>\n<\/td>\n<\/tr>\n<tr>\n<td>One-day fee<\/td>\n<td>\n<div style=\"text-align: right\">200.00 \u20ac (1,506.90 kn)<\/div>\n<\/td>\n<td>\n<div style=\"text-align: right\">250.00 \u20ac (1,883.63 kn)<\/div>\n<\/td>\n<\/tr>\n<\/tbody>\n<\/table>\n<\/div>\n*Up to 40 years of age and\/or up to 10 years in the field.<\/p>\n<p>IBAN: HR5423600001101254463<br \/>\nSWIFT address: ZABAHR2X<br \/>\nVAT number: HR70064657773<br \/>\nZagrebac\u030cka banka d.d., Zagreb, Trg bana Josipa Jelac\u030cic\u0301a 10<br \/>\nPurpose: Registration fee 13 CRPA Symposium, name of the Participant<\/p>\n<p>Full registration fee includes all printed materials, USB with Proceedings, welcome reseption, coffee breaks, and symposium dinner. Registration fee for accompanying persons includes a welcome reseption, coffee breaks, and symposium dinner. One-day fee includes all materials and coffee breaks.","protected":false},"excerpt":{"rendered":"<p>*Up to 40 years of age and\/or up to 10 years in the field. IBAN: HR5423600001101254463 SWIFT address: ZABAHR2X VAT number: HR70064657773 Zagrebac\u030cka banka d.d., Zagreb, Trg bana Josipa Jelac\u030cic\u0301a 10 Purpose:&#46;&#46;&#46;<\/p>\n","protected":false},"author":1,"featured_media":0,"parent":77,"menu_order":0,"comment_status":"closed","ping_status":"closed","template":"template-full-width.php","meta":{"ngg_post_thumbnail":0,"footnotes":"","_links_to":"","_links_to_target":""},"class_list":["post-79","page","type-page","status-publish","hentry"],"yoast_head":"<!-- This site is optimized with the Yoast SEO plugin v25.0 - https:\/\/yoast.com\/wordpress\/plugins\/seo\/ -->\n<title>Registration Fee - 13th Symposium of the Croatian radiation protection associationHDZZ13<\/title>\n<meta name=\"robots\" content=\"index, follow, max-snippet:-1, max-image-preview:large, max-video-preview:-1\" \/>\n<link rel=\"canonical\" href=\"https:\/\/simpozij13.hdzz.hr\/opcenito\/kotizacija\/\" \/>\n<meta property=\"og:locale\" content=\"en_US\" \/>\n<meta property=\"og:type\" content=\"article\" \/>\n<meta property=\"og:title\" content=\"[:hr]Kotizacija[:en]Registration Fee[:] - 13th Symposium of the Croatian radiation protection associationHDZZ13\" \/>\n<meta property=\"og:description\" content=\"*Up to 40 years of age and\/or up to 10 years in the field. IBAN: HR5423600001101254463 SWIFT address: ZABAHR2X VAT number: HR70064657773 Zagrebac\u030cka banka d.d., Zagreb, Trg bana Josipa Jelac\u030cic\u0301a 10 Purpose:&#046;&#046;&#046;\" \/>\n<meta property=\"og:url\" content=\"https:\/\/simpozij13.hdzz.hr\/opcenito\/kotizacija\/\" \/>\n<meta property=\"og:site_name\" content=\"13th Symposium of the Croatian radiation protection associationHDZZ13\" \/>\n<meta property=\"article:modified_time\" content=\"2023-02-04T10:21:50+00:00\" \/>\n<meta name=\"twitter:card\" content=\"summary_large_image\" \/>\n<meta name=\"twitter:label1\" content=\"Est. reading time\" \/>\n\t<meta name=\"twitter:data1\" content=\"3 minutes\" \/>\n<script type=\"application\/ld+json\" class=\"yoast-schema-graph\">{\"@context\":\"https:\/\/schema.org\",\"@graph\":[{\"@type\":\"WebPage\",\"@id\":\"https:\/\/simpozij13.hdzz.hr\/opcenito\/kotizacija\/\",\"url\":\"https:\/\/simpozij13.hdzz.hr\/opcenito\/kotizacija\/\",\"name\":\"[:hr]Kotizacija[:en]Registration Fee[:] - 13th Symposium of the Croatian radiation protection associationHDZZ13\",\"isPartOf\":{\"@id\":\"https:\/\/simpozij13.hdzz.hr\/en\/#website\"},\"datePublished\":\"2022-11-25T19:22:36+00:00\",\"dateModified\":\"2023-02-04T10:21:50+00:00\",\"breadcrumb\":{\"@id\":\"https:\/\/simpozij13.hdzz.hr\/opcenito\/kotizacija\/#breadcrumb\"},\"inLanguage\":\"en-US\",\"potentialAction\":[{\"@type\":\"ReadAction\",\"target\":[\"https:\/\/simpozij13.hdzz.hr\/opcenito\/kotizacija\/\"]}]},{\"@type\":\"BreadcrumbList\",\"@id\":\"https:\/\/simpozij13.hdzz.hr\/opcenito\/kotizacija\/#breadcrumb\",\"itemListElement\":[{\"@type\":\"ListItem\",\"position\":1,\"name\":\"Po\u010detna stranica\",\"item\":\"https:\/\/simpozij13.hdzz.hr\/\"},{\"@type\":\"ListItem\",\"position\":2,\"name\":\"Op\u0107enito\"},{\"@type\":\"ListItem\",\"position\":3,\"name\":\"Kotizacija\"}]},{\"@type\":\"WebSite\",\"@id\":\"https:\/\/simpozij13.hdzz.hr\/en\/#website\",\"url\":\"https:\/\/simpozij13.hdzz.hr\/en\/\",\"name\":\"13th Symposium of the Croatian radiation protection associationHDZZ13\",\"description\":\"Croatian radiation protection association\",\"publisher\":{\"@id\":\"https:\/\/simpozij13.hdzz.hr\/en\/#organization\"},\"potentialAction\":[{\"@type\":\"SearchAction\",\"target\":{\"@type\":\"EntryPoint\",\"urlTemplate\":\"https:\/\/simpozij13.hdzz.hr\/en\/?s={search_term_string}\"},\"query-input\":{\"@type\":\"PropertyValueSpecification\",\"valueRequired\":true,\"valueName\":\"search_term_string\"}}],\"inLanguage\":\"en-US\"},{\"@type\":\"Organization\",\"@id\":\"https:\/\/simpozij13.hdzz.hr\/en\/#organization\",\"name\":\"13. Simpozij Hrvatskog dru\u0161tva za za\u0161titu od zra\u010denja\",\"url\":\"https:\/\/simpozij13.hdzz.hr\/en\/\",\"logo\":{\"@type\":\"ImageObject\",\"inLanguage\":\"en-US\",\"@id\":\"https:\/\/simpozij13.hdzz.hr\/en\/#\/schema\/logo\/image\/\",\"url\":\"https:\/\/simpozij13.hdzz.hr\/wp-content\/uploads\/2022\/11\/HDZZ_en.png\",\"contentUrl\":\"https:\/\/simpozij13.hdzz.hr\/wp-content\/uploads\/2022\/11\/HDZZ_en.png\",\"width\":400,\"height\":400,\"caption\":\"13. Simpozij Hrvatskog dru\u0161tva za za\u0161titu od zra\u010denja\"},\"image\":{\"@id\":\"https:\/\/simpozij13.hdzz.hr\/en\/#\/schema\/logo\/image\/\"}}]}<\/script>\n<!-- \/ Yoast SEO plugin. -->","yoast_head_json":{"title":"[:hr]Kotizacija[:en]Registration Fee[:] - 13th Symposium of the Croatian radiation protection associationHDZZ13","robots":{"index":"index","follow":"follow","max-snippet":"max-snippet:-1","max-image-preview":"max-image-preview:large","max-video-preview":"max-video-preview:-1"},"canonical":"https:\/\/simpozij13.hdzz.hr\/opcenito\/kotizacija\/","og_locale":"en_US","og_type":"article","og_title":"[:hr]Kotizacija[:en]Registration Fee[:] - 13th Symposium of the Croatian radiation protection associationHDZZ13","og_description":"*Up to 40 years of age and\/or up to 10 years in the field. IBAN: HR5423600001101254463 SWIFT address: ZABAHR2X VAT number: HR70064657773 Zagrebac\u030cka banka d.d., Zagreb, Trg bana Josipa Jelac\u030cic\u0301a 10 Purpose:&#46;&#46;&#46;","og_url":"https:\/\/simpozij13.hdzz.hr\/opcenito\/kotizacija\/","og_site_name":"13th Symposium of the Croatian radiation protection associationHDZZ13","article_modified_time":"2023-02-04T10:21:50+00:00","twitter_card":"summary_large_image","twitter_misc":{"Est. reading time":"3 minutes"},"schema":{"@context":"https:\/\/schema.org","@graph":[{"@type":"WebPage","@id":"https:\/\/simpozij13.hdzz.hr\/opcenito\/kotizacija\/","url":"https:\/\/simpozij13.hdzz.hr\/opcenito\/kotizacija\/","name":"[:hr]Kotizacija[:en]Registration Fee[:] - 13th Symposium of the Croatian radiation protection associationHDZZ13","isPartOf":{"@id":"https:\/\/simpozij13.hdzz.hr\/en\/#website"},"datePublished":"2022-11-25T19:22:36+00:00","dateModified":"2023-02-04T10:21:50+00:00","breadcrumb":{"@id":"https:\/\/simpozij13.hdzz.hr\/opcenito\/kotizacija\/#breadcrumb"},"inLanguage":"en-US","potentialAction":[{"@type":"ReadAction","target":["https:\/\/simpozij13.hdzz.hr\/opcenito\/kotizacija\/"]}]},{"@type":"BreadcrumbList","@id":"https:\/\/simpozij13.hdzz.hr\/opcenito\/kotizacija\/#breadcrumb","itemListElement":[{"@type":"ListItem","position":1,"name":"Po\u010detna stranica","item":"https:\/\/simpozij13.hdzz.hr\/"},{"@type":"ListItem","position":2,"name":"Op\u0107enito"},{"@type":"ListItem","position":3,"name":"Kotizacija"}]},{"@type":"WebSite","@id":"https:\/\/simpozij13.hdzz.hr\/en\/#website","url":"https:\/\/simpozij13.hdzz.hr\/en\/","name":"13th Symposium of the Croatian radiation protection associationHDZZ13","description":"Croatian radiation protection association","publisher":{"@id":"https:\/\/simpozij13.hdzz.hr\/en\/#organization"},"potentialAction":[{"@type":"SearchAction","target":{"@type":"EntryPoint","urlTemplate":"https:\/\/simpozij13.hdzz.hr\/en\/?s={search_term_string}"},"query-input":{"@type":"PropertyValueSpecification","valueRequired":true,"valueName":"search_term_string"}}],"inLanguage":"en-US"},{"@type":"Organization","@id":"https:\/\/simpozij13.hdzz.hr\/en\/#organization","name":"13. Simpozij Hrvatskog dru\u0161tva za za\u0161titu od zra\u010denja","url":"https:\/\/simpozij13.hdzz.hr\/en\/","logo":{"@type":"ImageObject","inLanguage":"en-US","@id":"https:\/\/simpozij13.hdzz.hr\/en\/#\/schema\/logo\/image\/","url":"https:\/\/simpozij13.hdzz.hr\/wp-content\/uploads\/2022\/11\/HDZZ_en.png","contentUrl":"https:\/\/simpozij13.hdzz.hr\/wp-content\/uploads\/2022\/11\/HDZZ_en.png","width":400,"height":400,"caption":"13. Simpozij Hrvatskog dru\u0161tva za za\u0161titu od zra\u010denja"},"image":{"@id":"https:\/\/simpozij13.hdzz.hr\/en\/#\/schema\/logo\/image\/"}}]}},"_links":{"self":[{"href":"https:\/\/simpozij13.hdzz.hr\/en\/wp-json\/wp\/v2\/pages\/79","targetHints":{"allow":["GET"]}}],"collection":[{"href":"https:\/\/simpozij13.hdzz.hr\/en\/wp-json\/wp\/v2\/pages"}],"about":[{"href":"https:\/\/simpozij13.hdzz.hr\/en\/wp-json\/wp\/v2\/types\/page"}],"author":[{"embeddable":true,"href":"https:\/\/simpozij13.hdzz.hr\/en\/wp-json\/wp\/v2\/users\/1"}],"replies":[{"embeddable":true,"href":"https:\/\/simpozij13.hdzz.hr\/en\/wp-json\/wp\/v2\/comments?post=79"}],"version-history":[{"count":18,"href":"https:\/\/simpozij13.hdzz.hr\/en\/wp-json\/wp\/v2\/pages\/79\/revisions"}],"predecessor-version":[{"id":447,"href":"https:\/\/simpozij13.hdzz.hr\/en\/wp-json\/wp\/v2\/pages\/79\/revisions\/447"}],"up":[{"embeddable":true,"href":"https:\/\/simpozij13.hdzz.hr\/en\/wp-json\/wp\/v2\/pages\/77"}],"wp:attachment":[{"href":"https:\/\/simpozij13.hdzz.hr\/en\/wp-json\/wp\/v2\/media?parent=79"}],"curies":[{"name":"wp","href":"https:\/\/api.w.org\/{rel}","templated":true}]}}