{"id":65,"date":"2022-11-25T19:50:29","date_gmt":"2022-11-25T18:50:29","guid":{"rendered":"https:\/\/simpozij13.hdzz.hr\/?page_id=65"},"modified":"2023-05-16T11:52:49","modified_gmt":"2023-05-16T09:52:49","slug":"naslovna","status":"publish","type":"page","link":"https:\/\/simpozij13.hdzz.hr\/en\/","title":{"rendered":"Home"},"content":{"rendered":"<style>sup {text-transform:initial;}<\/style>\n<div class=\"su-row\">\n<div class=\"su-column su-column-size-1-2\"><div class=\"su-column-inner su-u-clearfix su-u-trim\">\n<h3>DOWNLOAD<\/h3>\n<div class=\"call-to-action shadow clearfix\"><div class=\"text\"><h2>Abstracts: 13<sup>th<\/sup> Symposium of the Croatian radiation protection association<\/h2><p>Book of Absctracts<\/p><\/div><a class=\"button full-width\" href=\"\/wp-content\/uploads\/2023\/05\/zbornik_sazetaka_13_hdzz.pdf\">PDF<\/a><\/div>\n<div class=\"call-to-action shadow clearfix\"><div class=\"text\"><h2>13<sup>th<\/sup> Symposium of the Croatian radiation protection association<\/h2><p>Symposium Programme<\/p><\/div><a class=\"button full-width\" href=\"https:\/\/simpozij13.hdzz.hr\/wp-content\/uploads\/2023\/03\/program_detaljan.pdf\">PDF<\/a><\/div>\n<\/div><\/div>\n<div class=\"su-column su-column-size-1-2\"><div class=\"su-column-inner su-u-clearfix su-u-trim\">\n<h3>IMPORTANT DATES<\/h3>\n<div class=\"su-table su-table-alternate\">\n<table>\n<tbody>\n<tr>\n<td>\n<p style=\"text-align: center!important;margin-bottom: 0em!important;color: #0c1d41\">01<\/p>\n<\/td>\n<td>Applications for participation<\/td>\n<td>\n<p style=\"text-align: right!important;margin-bottom: 0em!important;color: #0c1d41\">December 7<sup>th<\/sup>, 2022<\/p>\n<\/td>\n<\/tr>\n<tr>\n<td>\n<p style=\"text-align: center!important;margin-bottom: 0em!important;color: #0c1d41\">02<\/p>\n<\/td>\n<td>Submission of summaries EXTENDED until<\/td>\n<td>\n<p style=\"text-align: right!important;margin-bottom: 0em!important\">March 1<sup>st<\/sup>, 2023<\/p>\n<\/td>\n<\/tr>\n<tr>\n<td>\n<p style=\"text-align: center!important;margin-bottom: 0em!important;color: #0c1d41\">03<\/p>\n<\/td>\n<td>Notice of acceptance<\/td>\n<td>\n<p style=\"text-align: right!important;margin-bottom: 0em!important;color: #2db200\">March 1<sup>st<\/sup>, 2023<\/p>\n<\/td>\n<\/tr>\n<tr>\n<td>\n<p style=\"text-align: center!important;margin-bottom: 0em!important;color: #0c1d41\">04<\/p>\n<\/td>\n<td>Early-birds payment<\/td>\n<td>\n<p style=\"text-align: right!important;margin-bottom: 0em!important\">March 10<sup>th<\/sup>, 2023<\/p>\n<\/td>\n<\/tr>\n<\/tbody>\n<\/table>\n<\/div>\n<h3>SPONSORS<\/h3>\n<p><a href=\"\/en\/general\/sponsors\/\">View them All \u00bb<\/a><br \/>\n<\/div><\/div>\n<\/div>\n<div class=\"su-row\">\n<h3>CALL FOR ABSTRACTS<\/h3>\n<p>Read the instructions for writing and submitting abstracts at the <a href=\"\/en\/papers\/instruction-to-authors\/\">Instructions for Authors<\/a>. You can send the abstracts via the <a href=\"\/en\/general\/registration-card\/\">registration card<\/a>, and before or after registration by sending it to the e-mail address <a href=\"mailto:hdzz13@imi.hr\">hdzz13@imi.hr<\/a> by February 1st 2023.<br \/>\n<\/div>\n<div class=\"su-row\">\n<h3>REGISTRATION IS OPEN<\/h3>\n<p>You can register to the 13th Symposium of the Croatian Society for Radiation Protection via <a href=\"\/en\/general\/registration-card\/\">Registration card<\/a>.<br \/>\n<\/div>\n<div class=\"su-table su-table-responsive su-table-fixed\">\n<table>\n<tr>\n<td>MAIN SPONSOR<br \/>\n<a href=\"https:\/\/www.lkb.eu\/\" target=\"_blank\" rel=\"noopener\"><img loading=\"lazy\" decoding=\"async\" src=\"https:\/\/simpozij13.hdzz.hr\/wp-content\/uploads\/2023\/03\/lkb.png\" alt=\"\" width=\"200\" height=\"100\" class=\"alignnone size-full wp-image-574\" srcset=\"https:\/\/simpozij13.hdzz.hr\/wp-content\/uploads\/2023\/03\/lkb.png 400w, https:\/\/simpozij13.hdzz.hr\/wp-content\/uploads\/2023\/03\/lkb-300x150.png 300w\" sizes=\"auto, (max-width: 200px) 100vw, 200px\" \/><\/a><\/td>\n<td>SILVER SPONSOR<br \/>\n<a href=\"https:\/\/www.nek.si\/\" target=\"_blank\" rel=\"noopener\"><img loading=\"lazy\" decoding=\"async\" src=\"https:\/\/simpozij13.hdzz.hr\/wp-content\/uploads\/2023\/03\/nek.png\" alt=\"\" width=\"200\" height=\"100\" class=\"alignnone size-full wp-image-580\" srcset=\"https:\/\/simpozij13.hdzz.hr\/wp-content\/uploads\/2023\/03\/nek.png 400w, https:\/\/simpozij13.hdzz.hr\/wp-content\/uploads\/2023\/03\/nek-300x150.png 300w\" sizes=\"auto, (max-width: 200px) 100vw, 200px\" \/><\/a><\/td>\n<td>SILVER SPONSOR<br \/>\n<a href=\"http:\/\/www.radosys.com\/\" target=\"_blank\" rel=\"noopener\"><img loading=\"lazy\" decoding=\"async\" src=\"https:\/\/simpozij13.hdzz.hr\/wp-content\/uploads\/2023\/04\/radosys.png\" alt=\"\" width=\"200\" height=\"100\" class=\"alignnone size-full wp-image-613\" srcset=\"https:\/\/simpozij13.hdzz.hr\/wp-content\/uploads\/2023\/04\/radosys.png 400w, https:\/\/simpozij13.hdzz.hr\/wp-content\/uploads\/2023\/04\/radosys-300x150.png 300w\" sizes=\"auto, (max-width: 200px) 100vw, 200px\" \/><\/a><\/td>\n<\/tr>\n<\/table>\n<\/div>\n<div class=\"su-table su-table-responsive su-table-fixed\">\n<table>\n<tr>\n<td>BRONZE SPONSOR<br \/><a href=\"https:\/\/dositracker.ro\/en\/home\/\" target=\"_blank\" rel=\"noopener\"><img loading=\"lazy\" decoding=\"async\" src=\"https:\/\/simpozij13.hdzz.hr\/wp-content\/uploads\/2023\/03\/dosi.png\" alt=\"\" width=\"100\" height=\"50\" class=\"aligncenter size-full wp-image-582\" srcset=\"https:\/\/simpozij13.hdzz.hr\/wp-content\/uploads\/2023\/03\/dosi.png 400w, https:\/\/simpozij13.hdzz.hr\/wp-content\/uploads\/2023\/03\/dosi-300x150.png 300w\" sizes=\"auto, (max-width: 100px) 100vw, 100px\" \/><\/a><\/td>\n<td>BRONZE SPONSOR<br \/><img loading=\"lazy\" decoding=\"async\" src=\"https:\/\/simpozij13.hdzz.hr\/wp-content\/uploads\/2023\/03\/jasika.png\" alt=\"\" width=\"100\" height=\"50\" class=\"aligncenter size-full wp-image-583\" srcset=\"https:\/\/simpozij13.hdzz.hr\/wp-content\/uploads\/2023\/03\/jasika.png 400w, https:\/\/simpozij13.hdzz.hr\/wp-content\/uploads\/2023\/03\/jasika-300x150.png 300w\" sizes=\"auto, (max-width: 100px) 100vw, 100px\" \/><\/td>\n<td>BRONZE SPONSOR<br \/><a href=\"https:\/\/mteh.hr\/\" target=\"_blank\" rel=\"noopener\"><img loading=\"lazy\" decoding=\"async\" src=\"https:\/\/simpozij13.hdzz.hr\/wp-content\/uploads\/2023\/03\/mtheh.png\" alt=\"\" width=\"100\" height=\"50\" class=\"aligncenter size-full wp-image-584\" srcset=\"https:\/\/simpozij13.hdzz.hr\/wp-content\/uploads\/2023\/03\/mtheh.png 400w, https:\/\/simpozij13.hdzz.hr\/wp-content\/uploads\/2023\/03\/mtheh-300x150.png 300w\" sizes=\"auto, (max-width: 100px) 100vw, 100px\" \/><\/a><\/td>\n<td>BRONZE SPONSOR<br \/><a href=\"https:\/\/www.imi.hr\/\" target=\"_blank\" rel=\"noopener\"><img loading=\"lazy\" decoding=\"async\" src=\"https:\/\/simpozij13.hdzz.hr\/wp-content\/uploads\/2023\/04\/imi.png\" alt=\"\" width=\"100\" height=\"50\" class=\"aligncenter size-full wp-image-612\" srcset=\"https:\/\/simpozij13.hdzz.hr\/wp-content\/uploads\/2023\/04\/imi.png 400w, https:\/\/simpozij13.hdzz.hr\/wp-content\/uploads\/2023\/04\/imi-300x150.png 300w\" sizes=\"auto, (max-width: 100px) 100vw, 100px\" \/><\/a><\/td>\n<\/tr>\n<\/table>\n<\/div>","protected":false},"excerpt":{"rendered":"","protected":false},"author":1,"featured_media":0,"parent":0,"menu_order":0,"comment_status":"closed","ping_status":"closed","template":"template-full-width.php","meta":{"ngg_post_thumbnail":0,"footnotes":"","_links_to":"","_links_to_target":""},"class_list":["post-65","page","type-page","status-publish","hentry"],"yoast_head":"<!-- This site is optimized with the Yoast SEO plugin v25.0 - https:\/\/yoast.com\/wordpress\/plugins\/seo\/ -->\n<title>13. simpozij Hrvatskog dru\u0161tva za za\u0161titu od zra\u010denja<\/title>\n<meta name=\"description\" content=\"Javna organizacija sa svrhom promid\u017ebe i razvoja znanstvenih, obrazovnih i kulturnih aktivnosti za\u0161tite od zra\u010denja i srodnih znanosti.\" \/>\n<meta name=\"robots\" content=\"index, follow, max-snippet:-1, max-image-preview:large, max-video-preview:-1\" \/>\n<link rel=\"canonical\" href=\"https:\/\/simpozij13.hdzz.hr\/\" \/>\n<meta property=\"og:locale\" content=\"en_US\" \/>\n<meta property=\"og:type\" content=\"article\" \/>\n<meta property=\"og:title\" content=\"13. simpozij Hrvatskog dru\u0161tva za za\u0161titu od zra\u010denja\" \/>\n<meta property=\"og:description\" content=\"Javna organizacija sa svrhom promid\u017ebe i razvoja znanstvenih, obrazovnih i kulturnih aktivnosti za\u0161tite od zra\u010denja i srodnih znanosti.\" \/>\n<meta property=\"og:url\" content=\"https:\/\/simpozij13.hdzz.hr\/\" \/>\n<meta property=\"og:site_name\" content=\"13th Symposium of the Croatian radiation protection associationHDZZ13\" \/>\n<meta property=\"article:modified_time\" content=\"2023-05-16T09:52:49+00:00\" \/>\n<meta property=\"og:image\" content=\"https:\/\/simpozij13.hdzz.hr\/wp-content\/uploads\/2023\/03\/lkb.png\" \/>\n<meta name=\"twitter:card\" content=\"summary_large_image\" \/>\n<meta name=\"twitter:label1\" content=\"Est. reading time\" \/>\n\t<meta name=\"twitter:data1\" content=\"5 minutes\" \/>\n<script type=\"application\/ld+json\" class=\"yoast-schema-graph\">{\"@context\":\"https:\/\/schema.org\",\"@graph\":[{\"@type\":\"WebPage\",\"@id\":\"https:\/\/simpozij13.hdzz.hr\/\",\"url\":\"https:\/\/simpozij13.hdzz.hr\/\",\"name\":\"13. simpozij Hrvatskog dru\u0161tva za za\u0161titu od zra\u010denja\",\"isPartOf\":{\"@id\":\"https:\/\/simpozij13.hdzz.hr\/en\/#website\"},\"primaryImageOfPage\":{\"@id\":\"https:\/\/simpozij13.hdzz.hr\/#primaryimage\"},\"image\":{\"@id\":\"https:\/\/simpozij13.hdzz.hr\/#primaryimage\"},\"thumbnailUrl\":\"https:\/\/simpozij13.hdzz.hr\/wp-content\/uploads\/2023\/03\/lkb.png\",\"datePublished\":\"2022-11-25T18:50:29+00:00\",\"dateModified\":\"2023-05-16T09:52:49+00:00\",\"description\":\"Javna organizacija sa svrhom promid\u017ebe i razvoja znanstvenih, obrazovnih i kulturnih aktivnosti za\u0161tite od zra\u010denja i srodnih znanosti.\",\"breadcrumb\":{\"@id\":\"https:\/\/simpozij13.hdzz.hr\/#breadcrumb\"},\"inLanguage\":\"en-US\",\"potentialAction\":[{\"@type\":\"ReadAction\",\"target\":[\"https:\/\/simpozij13.hdzz.hr\/\"]}]},{\"@type\":\"ImageObject\",\"inLanguage\":\"en-US\",\"@id\":\"https:\/\/simpozij13.hdzz.hr\/#primaryimage\",\"url\":\"https:\/\/simpozij13.hdzz.hr\/wp-content\/uploads\/2023\/03\/lkb.png\",\"contentUrl\":\"https:\/\/simpozij13.hdzz.hr\/wp-content\/uploads\/2023\/03\/lkb.png\"},{\"@type\":\"BreadcrumbList\",\"@id\":\"https:\/\/simpozij13.hdzz.hr\/#breadcrumb\",\"itemListElement\":[{\"@type\":\"ListItem\",\"position\":1,\"name\":\"Po\u010detna stranica\",\"item\":\"https:\/\/simpozij13.hdzz.hr\/\"},{\"@type\":\"ListItem\",\"position\":2,\"name\":\"Naslovna\"}]},{\"@type\":\"WebSite\",\"@id\":\"https:\/\/simpozij13.hdzz.hr\/en\/#website\",\"url\":\"https:\/\/simpozij13.hdzz.hr\/en\/\",\"name\":\"13th Symposium of the Croatian radiation protection associationHDZZ13\",\"description\":\"Croatian radiation protection association\",\"publisher\":{\"@id\":\"https:\/\/simpozij13.hdzz.hr\/en\/#organization\"},\"potentialAction\":[{\"@type\":\"SearchAction\",\"target\":{\"@type\":\"EntryPoint\",\"urlTemplate\":\"https:\/\/simpozij13.hdzz.hr\/en\/?s={search_term_string}\"},\"query-input\":{\"@type\":\"PropertyValueSpecification\",\"valueRequired\":true,\"valueName\":\"search_term_string\"}}],\"inLanguage\":\"en-US\"},{\"@type\":\"Organization\",\"@id\":\"https:\/\/simpozij13.hdzz.hr\/en\/#organization\",\"name\":\"13. Simpozij Hrvatskog dru\u0161tva za za\u0161titu od zra\u010denja\",\"url\":\"https:\/\/simpozij13.hdzz.hr\/en\/\",\"logo\":{\"@type\":\"ImageObject\",\"inLanguage\":\"en-US\",\"@id\":\"https:\/\/simpozij13.hdzz.hr\/en\/#\/schema\/logo\/image\/\",\"url\":\"https:\/\/simpozij13.hdzz.hr\/wp-content\/uploads\/2022\/11\/HDZZ_en.png\",\"contentUrl\":\"https:\/\/simpozij13.hdzz.hr\/wp-content\/uploads\/2022\/11\/HDZZ_en.png\",\"width\":400,\"height\":400,\"caption\":\"13. Simpozij Hrvatskog dru\u0161tva za za\u0161titu od zra\u010denja\"},\"image\":{\"@id\":\"https:\/\/simpozij13.hdzz.hr\/en\/#\/schema\/logo\/image\/\"}}]}<\/script>\n<!-- \/ Yoast SEO plugin. -->","yoast_head_json":{"title":"13. simpozij Hrvatskog dru\u0161tva za za\u0161titu od zra\u010denja","description":"Javna organizacija sa svrhom promid\u017ebe i razvoja znanstvenih, obrazovnih i kulturnih aktivnosti za\u0161tite od zra\u010denja i srodnih znanosti.","robots":{"index":"index","follow":"follow","max-snippet":"max-snippet:-1","max-image-preview":"max-image-preview:large","max-video-preview":"max-video-preview:-1"},"canonical":"https:\/\/simpozij13.hdzz.hr\/","og_locale":"en_US","og_type":"article","og_title":"13. simpozij Hrvatskog dru\u0161tva za za\u0161titu od zra\u010denja","og_description":"Javna organizacija sa svrhom promid\u017ebe i razvoja znanstvenih, obrazovnih i kulturnih aktivnosti za\u0161tite od zra\u010denja i srodnih znanosti.","og_url":"https:\/\/simpozij13.hdzz.hr\/","og_site_name":"13th Symposium of the Croatian radiation protection associationHDZZ13","article_modified_time":"2023-05-16T09:52:49+00:00","og_image":[{"url":"https:\/\/simpozij13.hdzz.hr\/wp-content\/uploads\/2023\/03\/lkb.png","type":"","width":"","height":""}],"twitter_card":"summary_large_image","twitter_misc":{"Est. reading time":"5 minutes"},"schema":{"@context":"https:\/\/schema.org","@graph":[{"@type":"WebPage","@id":"https:\/\/simpozij13.hdzz.hr\/","url":"https:\/\/simpozij13.hdzz.hr\/","name":"13. simpozij Hrvatskog dru\u0161tva za za\u0161titu od zra\u010denja","isPartOf":{"@id":"https:\/\/simpozij13.hdzz.hr\/en\/#website"},"primaryImageOfPage":{"@id":"https:\/\/simpozij13.hdzz.hr\/#primaryimage"},"image":{"@id":"https:\/\/simpozij13.hdzz.hr\/#primaryimage"},"thumbnailUrl":"https:\/\/simpozij13.hdzz.hr\/wp-content\/uploads\/2023\/03\/lkb.png","datePublished":"2022-11-25T18:50:29+00:00","dateModified":"2023-05-16T09:52:49+00:00","description":"Javna organizacija sa svrhom promid\u017ebe i razvoja znanstvenih, obrazovnih i kulturnih aktivnosti za\u0161tite od zra\u010denja i srodnih znanosti.","breadcrumb":{"@id":"https:\/\/simpozij13.hdzz.hr\/#breadcrumb"},"inLanguage":"en-US","potentialAction":[{"@type":"ReadAction","target":["https:\/\/simpozij13.hdzz.hr\/"]}]},{"@type":"ImageObject","inLanguage":"en-US","@id":"https:\/\/simpozij13.hdzz.hr\/#primaryimage","url":"https:\/\/simpozij13.hdzz.hr\/wp-content\/uploads\/2023\/03\/lkb.png","contentUrl":"https:\/\/simpozij13.hdzz.hr\/wp-content\/uploads\/2023\/03\/lkb.png"},{"@type":"BreadcrumbList","@id":"https:\/\/simpozij13.hdzz.hr\/#breadcrumb","itemListElement":[{"@type":"ListItem","position":1,"name":"Po\u010detna stranica","item":"https:\/\/simpozij13.hdzz.hr\/"},{"@type":"ListItem","position":2,"name":"Naslovna"}]},{"@type":"WebSite","@id":"https:\/\/simpozij13.hdzz.hr\/en\/#website","url":"https:\/\/simpozij13.hdzz.hr\/en\/","name":"13th Symposium of the Croatian radiation protection associationHDZZ13","description":"Croatian radiation protection association","publisher":{"@id":"https:\/\/simpozij13.hdzz.hr\/en\/#organization"},"potentialAction":[{"@type":"SearchAction","target":{"@type":"EntryPoint","urlTemplate":"https:\/\/simpozij13.hdzz.hr\/en\/?s={search_term_string}"},"query-input":{"@type":"PropertyValueSpecification","valueRequired":true,"valueName":"search_term_string"}}],"inLanguage":"en-US"},{"@type":"Organization","@id":"https:\/\/simpozij13.hdzz.hr\/en\/#organization","name":"13. Simpozij Hrvatskog dru\u0161tva za za\u0161titu od zra\u010denja","url":"https:\/\/simpozij13.hdzz.hr\/en\/","logo":{"@type":"ImageObject","inLanguage":"en-US","@id":"https:\/\/simpozij13.hdzz.hr\/en\/#\/schema\/logo\/image\/","url":"https:\/\/simpozij13.hdzz.hr\/wp-content\/uploads\/2022\/11\/HDZZ_en.png","contentUrl":"https:\/\/simpozij13.hdzz.hr\/wp-content\/uploads\/2022\/11\/HDZZ_en.png","width":400,"height":400,"caption":"13. Simpozij Hrvatskog dru\u0161tva za za\u0161titu od zra\u010denja"},"image":{"@id":"https:\/\/simpozij13.hdzz.hr\/en\/#\/schema\/logo\/image\/"}}]}},"_links":{"self":[{"href":"https:\/\/simpozij13.hdzz.hr\/en\/wp-json\/wp\/v2\/pages\/65","targetHints":{"allow":["GET"]}}],"collection":[{"href":"https:\/\/simpozij13.hdzz.hr\/en\/wp-json\/wp\/v2\/pages"}],"about":[{"href":"https:\/\/simpozij13.hdzz.hr\/en\/wp-json\/wp\/v2\/types\/page"}],"author":[{"embeddable":true,"href":"https:\/\/simpozij13.hdzz.hr\/en\/wp-json\/wp\/v2\/users\/1"}],"replies":[{"embeddable":true,"href":"https:\/\/simpozij13.hdzz.hr\/en\/wp-json\/wp\/v2\/comments?post=65"}],"version-history":[{"count":55,"href":"https:\/\/simpozij13.hdzz.hr\/en\/wp-json\/wp\/v2\/pages\/65\/revisions"}],"predecessor-version":[{"id":643,"href":"https:\/\/simpozij13.hdzz.hr\/en\/wp-json\/wp\/v2\/pages\/65\/revisions\/643"}],"wp:attachment":[{"href":"https:\/\/simpozij13.hdzz.hr\/en\/wp-json\/wp\/v2\/media?parent=65"}],"curies":[{"name":"wp","href":"https:\/\/api.w.org\/{rel}","templated":true}]}}