{"id":137,"date":"2022-11-25T21:56:23","date_gmt":"2022-11-25T20:56:23","guid":{"rendered":"https:\/\/simpozij13.hdzz.hr\/?page_id=137"},"modified":"2023-05-16T11:53:42","modified_gmt":"2023-05-16T09:53:42","slug":"zbornik-radova","status":"publish","type":"page","link":"https:\/\/simpozij13.hdzz.hr\/en\/absctracts\/book-of-abstracts\/","title":{"rendered":"Book of abstracts"},"content":{"rendered":"<div class=\"call-to-action shadow clearfix\"><div class=\"text\"><h2>Abstracts: 13<sup>th<\/sup> Symposium<br \/>of the Croatian radiation protection association<\/h2><p>Abstracts<\/p><\/div><a class=\"button full-width\" href=\"\/wp-content\/uploads\/2023\/05\/zbornik_sazetaka_13_hdzz.pdf\">PDF<\/a><\/div>\n<div class=\"call-to-action shadow clearfix\"><div class=\"text\"><h2>13<sup>th<\/sup> Symposium<br \/>of the Croatian radiation protection association<\/h2><p>Symposium Programme<\/p><\/div><a class=\"button full-width\" href=\"\/wp-content\/uploads\/2023\/04\/Book_of_Abstracts_13th_Symposium_CRPA.pdf\">PDF<\/a><\/div>","protected":false},"excerpt":{"rendered":"","protected":false},"author":1,"featured_media":0,"parent":131,"menu_order":0,"comment_status":"closed","ping_status":"closed","template":"template-full-width.php","meta":{"ngg_post_thumbnail":0,"footnotes":"","_links_to":"","_links_to_target":""},"class_list":["post-137","page","type-page","status-publish","hentry"],"yoast_head":"<!-- This site is optimized with the Yoast SEO plugin v25.0 - https:\/\/yoast.com\/wordpress\/plugins\/seo\/ -->\n<title>Book of abstracts - 13th Symposium of the Croatian radiation protection associationHDZZ13<\/title>\n<meta name=\"robots\" content=\"index, follow, max-snippet:-1, max-image-preview:large, max-video-preview:-1\" \/>\n<link rel=\"canonical\" href=\"https:\/\/simpozij13.hdzz.hr\/sazeci\/zbornik-sazetaka\/\" \/>\n<meta property=\"og:locale\" content=\"en_US\" \/>\n<meta property=\"og:type\" content=\"article\" \/>\n<meta property=\"og:title\" content=\"[:hr]Zbornik sa\u017eetaka[:en]Book of abstracts[:] - 13th Symposium of the Croatian radiation protection associationHDZZ13\" \/>\n<meta property=\"og:url\" content=\"https:\/\/simpozij13.hdzz.hr\/sazeci\/zbornik-sazetaka\/\" \/>\n<meta property=\"og:site_name\" content=\"13th Symposium of the Croatian radiation protection associationHDZZ13\" \/>\n<meta property=\"article:modified_time\" content=\"2023-05-16T09:53:42+00:00\" \/>\n<meta name=\"twitter:card\" content=\"summary_large_image\" \/>\n<meta name=\"twitter:label1\" content=\"Est. reading time\" \/>\n\t<meta name=\"twitter:data1\" content=\"1 minute\" \/>\n<script type=\"application\/ld+json\" class=\"yoast-schema-graph\">{\"@context\":\"https:\/\/schema.org\",\"@graph\":[{\"@type\":\"WebPage\",\"@id\":\"https:\/\/simpozij13.hdzz.hr\/sazeci\/zbornik-sazetaka\/\",\"url\":\"https:\/\/simpozij13.hdzz.hr\/sazeci\/zbornik-sazetaka\/\",\"name\":\"[:hr]Zbornik sa\u017eetaka[:en]Book of abstracts[:] - 13th Symposium of the Croatian radiation protection associationHDZZ13\",\"isPartOf\":{\"@id\":\"https:\/\/simpozij13.hdzz.hr\/en\/#website\"},\"datePublished\":\"2022-11-25T20:56:23+00:00\",\"dateModified\":\"2023-05-16T09:53:42+00:00\",\"breadcrumb\":{\"@id\":\"https:\/\/simpozij13.hdzz.hr\/sazeci\/zbornik-sazetaka\/#breadcrumb\"},\"inLanguage\":\"en-US\",\"potentialAction\":[{\"@type\":\"ReadAction\",\"target\":[\"https:\/\/simpozij13.hdzz.hr\/sazeci\/zbornik-sazetaka\/\"]}]},{\"@type\":\"BreadcrumbList\",\"@id\":\"https:\/\/simpozij13.hdzz.hr\/sazeci\/zbornik-sazetaka\/#breadcrumb\",\"itemListElement\":[{\"@type\":\"ListItem\",\"position\":1,\"name\":\"Po\u010detna stranica\",\"item\":\"https:\/\/simpozij13.hdzz.hr\/\"},{\"@type\":\"ListItem\",\"position\":2,\"name\":\"Sa\u017eeci\"},{\"@type\":\"ListItem\",\"position\":3,\"name\":\"Zbornik sa\u017eetaka\"}]},{\"@type\":\"WebSite\",\"@id\":\"https:\/\/simpozij13.hdzz.hr\/en\/#website\",\"url\":\"https:\/\/simpozij13.hdzz.hr\/en\/\",\"name\":\"13th Symposium of the Croatian radiation protection associationHDZZ13\",\"description\":\"Croatian radiation protection association\",\"publisher\":{\"@id\":\"https:\/\/simpozij13.hdzz.hr\/en\/#organization\"},\"potentialAction\":[{\"@type\":\"SearchAction\",\"target\":{\"@type\":\"EntryPoint\",\"urlTemplate\":\"https:\/\/simpozij13.hdzz.hr\/en\/?s={search_term_string}\"},\"query-input\":{\"@type\":\"PropertyValueSpecification\",\"valueRequired\":true,\"valueName\":\"search_term_string\"}}],\"inLanguage\":\"en-US\"},{\"@type\":\"Organization\",\"@id\":\"https:\/\/simpozij13.hdzz.hr\/en\/#organization\",\"name\":\"13. Simpozij Hrvatskog dru\u0161tva za za\u0161titu od zra\u010denja\",\"url\":\"https:\/\/simpozij13.hdzz.hr\/en\/\",\"logo\":{\"@type\":\"ImageObject\",\"inLanguage\":\"en-US\",\"@id\":\"https:\/\/simpozij13.hdzz.hr\/en\/#\/schema\/logo\/image\/\",\"url\":\"https:\/\/simpozij13.hdzz.hr\/wp-content\/uploads\/2022\/11\/HDZZ_en.png\",\"contentUrl\":\"https:\/\/simpozij13.hdzz.hr\/wp-content\/uploads\/2022\/11\/HDZZ_en.png\",\"width\":400,\"height\":400,\"caption\":\"13. Simpozij Hrvatskog dru\u0161tva za za\u0161titu od zra\u010denja\"},\"image\":{\"@id\":\"https:\/\/simpozij13.hdzz.hr\/en\/#\/schema\/logo\/image\/\"}}]}<\/script>\n<!-- \/ Yoast SEO plugin. -->","yoast_head_json":{"title":"[:hr]Zbornik sa\u017eetaka[:en]Book of abstracts[:] - 13th Symposium of the Croatian radiation protection associationHDZZ13","robots":{"index":"index","follow":"follow","max-snippet":"max-snippet:-1","max-image-preview":"max-image-preview:large","max-video-preview":"max-video-preview:-1"},"canonical":"https:\/\/simpozij13.hdzz.hr\/sazeci\/zbornik-sazetaka\/","og_locale":"en_US","og_type":"article","og_title":"[:hr]Zbornik sa\u017eetaka[:en]Book of abstracts[:] - 13th Symposium of the Croatian radiation protection associationHDZZ13","og_url":"https:\/\/simpozij13.hdzz.hr\/sazeci\/zbornik-sazetaka\/","og_site_name":"13th Symposium of the Croatian radiation protection associationHDZZ13","article_modified_time":"2023-05-16T09:53:42+00:00","twitter_card":"summary_large_image","twitter_misc":{"Est. reading time":"1 minute"},"schema":{"@context":"https:\/\/schema.org","@graph":[{"@type":"WebPage","@id":"https:\/\/simpozij13.hdzz.hr\/sazeci\/zbornik-sazetaka\/","url":"https:\/\/simpozij13.hdzz.hr\/sazeci\/zbornik-sazetaka\/","name":"[:hr]Zbornik sa\u017eetaka[:en]Book of abstracts[:] - 13th Symposium of the Croatian radiation protection associationHDZZ13","isPartOf":{"@id":"https:\/\/simpozij13.hdzz.hr\/en\/#website"},"datePublished":"2022-11-25T20:56:23+00:00","dateModified":"2023-05-16T09:53:42+00:00","breadcrumb":{"@id":"https:\/\/simpozij13.hdzz.hr\/sazeci\/zbornik-sazetaka\/#breadcrumb"},"inLanguage":"en-US","potentialAction":[{"@type":"ReadAction","target":["https:\/\/simpozij13.hdzz.hr\/sazeci\/zbornik-sazetaka\/"]}]},{"@type":"BreadcrumbList","@id":"https:\/\/simpozij13.hdzz.hr\/sazeci\/zbornik-sazetaka\/#breadcrumb","itemListElement":[{"@type":"ListItem","position":1,"name":"Po\u010detna stranica","item":"https:\/\/simpozij13.hdzz.hr\/"},{"@type":"ListItem","position":2,"name":"Sa\u017eeci"},{"@type":"ListItem","position":3,"name":"Zbornik sa\u017eetaka"}]},{"@type":"WebSite","@id":"https:\/\/simpozij13.hdzz.hr\/en\/#website","url":"https:\/\/simpozij13.hdzz.hr\/en\/","name":"13th Symposium of the Croatian radiation protection associationHDZZ13","description":"Croatian radiation protection association","publisher":{"@id":"https:\/\/simpozij13.hdzz.hr\/en\/#organization"},"potentialAction":[{"@type":"SearchAction","target":{"@type":"EntryPoint","urlTemplate":"https:\/\/simpozij13.hdzz.hr\/en\/?s={search_term_string}"},"query-input":{"@type":"PropertyValueSpecification","valueRequired":true,"valueName":"search_term_string"}}],"inLanguage":"en-US"},{"@type":"Organization","@id":"https:\/\/simpozij13.hdzz.hr\/en\/#organization","name":"13. Simpozij Hrvatskog dru\u0161tva za za\u0161titu od zra\u010denja","url":"https:\/\/simpozij13.hdzz.hr\/en\/","logo":{"@type":"ImageObject","inLanguage":"en-US","@id":"https:\/\/simpozij13.hdzz.hr\/en\/#\/schema\/logo\/image\/","url":"https:\/\/simpozij13.hdzz.hr\/wp-content\/uploads\/2022\/11\/HDZZ_en.png","contentUrl":"https:\/\/simpozij13.hdzz.hr\/wp-content\/uploads\/2022\/11\/HDZZ_en.png","width":400,"height":400,"caption":"13. Simpozij Hrvatskog dru\u0161tva za za\u0161titu od zra\u010denja"},"image":{"@id":"https:\/\/simpozij13.hdzz.hr\/en\/#\/schema\/logo\/image\/"}}]}},"_links":{"self":[{"href":"https:\/\/simpozij13.hdzz.hr\/en\/wp-json\/wp\/v2\/pages\/137","targetHints":{"allow":["GET"]}}],"collection":[{"href":"https:\/\/simpozij13.hdzz.hr\/en\/wp-json\/wp\/v2\/pages"}],"about":[{"href":"https:\/\/simpozij13.hdzz.hr\/en\/wp-json\/wp\/v2\/types\/page"}],"author":[{"embeddable":true,"href":"https:\/\/simpozij13.hdzz.hr\/en\/wp-json\/wp\/v2\/users\/1"}],"replies":[{"embeddable":true,"href":"https:\/\/simpozij13.hdzz.hr\/en\/wp-json\/wp\/v2\/comments?post=137"}],"version-history":[{"count":10,"href":"https:\/\/simpozij13.hdzz.hr\/en\/wp-json\/wp\/v2\/pages\/137\/revisions"}],"predecessor-version":[{"id":641,"href":"https:\/\/simpozij13.hdzz.hr\/en\/wp-json\/wp\/v2\/pages\/137\/revisions\/641"}],"up":[{"embeddable":true,"href":"https:\/\/simpozij13.hdzz.hr\/en\/wp-json\/wp\/v2\/pages\/131"}],"wp:attachment":[{"href":"https:\/\/simpozij13.hdzz.hr\/en\/wp-json\/wp\/v2\/media?parent=137"}],"curies":[{"name":"wp","href":"https:\/\/api.w.org\/{rel}","templated":true}]}}