{"id":133,"date":"2022-11-25T21:55:45","date_gmt":"2022-11-25T20:55:45","guid":{"rendered":"https:\/\/simpozij13.hdzz.hr\/?page_id=133"},"modified":"2023-02-02T09:36:39","modified_gmt":"2023-02-02T08:36:39","slug":"upute-autorima","status":"publish","type":"page","link":"https:\/\/simpozij13.hdzz.hr\/en\/absctracts\/instruction-to-authors\/","title":{"rendered":"Instruction to authors"},"content":{"rendered":"<h3>SUMMARIES<\/h3>\n<p>Unlike previous CRPA symposia, submissions in the form of full papers will no longer be accepted and have been replaced by abstracts. According to the quality of the received abstracts, the Scientific Committee will decide on their acceptance. The abstract submission deadline is February 15th 2023. Notification of acceptance will be sent to the authors by the March 1st 2023. All accepted abstracts, prepared according to the given instructions, if submitted before the deadline, will be published in the Book of summaries.<\/p>\n<p>The summaries template with detailed instructions can be <a href=\"https:\/\/simpozij13.hdzz.hr\/wp-content\/uploads\/2022\/12\/CRPA13-abstract-template.docx\">downloaded here<\/a>. Please note that the form has been changed from the previous ones and the new format is adjusted to A4 paper.<\/p>\n<p>Abstracts can be submitted via&nbsp;<a href=\"https:\/\/simpozij13.hdzz.hr\/en\/general\/registration-card\/\" target=\"_blank\" rel=\"noopener\" data-saferedirecturl=\"https:\/\/www.google.com\/url?q=https:\/\/simpozij13.hdzz.hr\/en\/general\/registration-card\/\">registration form<\/a>&nbsp;<span lang=\"en\">and before or after registration&nbsp;by sending it to the e-mail address&nbsp;<a href=\"mailto:hdzz13@imi.hr\" target=\"_blank\" rel=\"noopener\">hdzz13@imi.hr<\/a>&nbsp;by&nbsp;<\/span><span lang=\"en\">February 1st 2023.&nbsp;<\/span><span lang=\"en\">Please indicate your preferred form of presentation (Oral, Poster or&nbsp;<\/span><span lang=\"en\">Either) when submitting your abstract.<\/span><\/p>\n<h3>CERTIFICATE OF ATTENDANCE<\/h3>\n<p>All participants with paid registration fee will receive a Certificate of Attendance.","protected":false},"excerpt":{"rendered":"<p>SUMMARIES Unlike previous CRPA symposia, submissions in the form of full papers will no longer be accepted and have been replaced by abstracts. According to the quality of the received abstracts, the&#46;&#46;&#46;<\/p>\n","protected":false},"author":1,"featured_media":0,"parent":131,"menu_order":0,"comment_status":"closed","ping_status":"closed","template":"template-full-width.php","meta":{"ngg_post_thumbnail":0,"footnotes":"","_links_to":"","_links_to_target":""},"class_list":["post-133","page","type-page","status-publish","hentry"],"yoast_head":"<!-- This site is optimized with the Yoast SEO plugin v25.0 - https:\/\/yoast.com\/wordpress\/plugins\/seo\/ -->\n<title>Instruction to authors - 13th Symposium of the Croatian radiation protection associationHDZZ13<\/title>\n<meta name=\"robots\" content=\"index, follow, max-snippet:-1, max-image-preview:large, max-video-preview:-1\" \/>\n<link rel=\"canonical\" href=\"https:\/\/simpozij13.hdzz.hr\/sazeci\/upute-autorima\/\" \/>\n<meta property=\"og:locale\" content=\"en_US\" \/>\n<meta property=\"og:type\" content=\"article\" \/>\n<meta property=\"og:title\" content=\"[:hr]Upute autorima[:en]Instruction to authors[:] - 13th Symposium of the Croatian radiation protection associationHDZZ13\" \/>\n<meta property=\"og:description\" content=\"SUMMARIES Unlike previous CRPA symposia, submissions in the form of full papers will no longer be accepted and have been replaced by abstracts. According to the quality of the received abstracts, the&#046;&#046;&#046;\" \/>\n<meta property=\"og:url\" content=\"https:\/\/simpozij13.hdzz.hr\/sazeci\/upute-autorima\/\" \/>\n<meta property=\"og:site_name\" content=\"13th Symposium of the Croatian radiation protection associationHDZZ13\" \/>\n<meta property=\"article:modified_time\" content=\"2023-02-02T08:36:39+00:00\" \/>\n<meta name=\"twitter:card\" content=\"summary_large_image\" \/>\n<meta name=\"twitter:label1\" content=\"Est. reading time\" \/>\n\t<meta name=\"twitter:data1\" content=\"2 minutes\" \/>\n<script type=\"application\/ld+json\" class=\"yoast-schema-graph\">{\"@context\":\"https:\/\/schema.org\",\"@graph\":[{\"@type\":\"WebPage\",\"@id\":\"https:\/\/simpozij13.hdzz.hr\/sazeci\/upute-autorima\/\",\"url\":\"https:\/\/simpozij13.hdzz.hr\/sazeci\/upute-autorima\/\",\"name\":\"[:hr]Upute autorima[:en]Instruction to authors[:] - 13th Symposium of the Croatian radiation protection associationHDZZ13\",\"isPartOf\":{\"@id\":\"https:\/\/simpozij13.hdzz.hr\/en\/#website\"},\"datePublished\":\"2022-11-25T20:55:45+00:00\",\"dateModified\":\"2023-02-02T08:36:39+00:00\",\"breadcrumb\":{\"@id\":\"https:\/\/simpozij13.hdzz.hr\/sazeci\/upute-autorima\/#breadcrumb\"},\"inLanguage\":\"en-US\",\"potentialAction\":[{\"@type\":\"ReadAction\",\"target\":[\"https:\/\/simpozij13.hdzz.hr\/sazeci\/upute-autorima\/\"]}]},{\"@type\":\"BreadcrumbList\",\"@id\":\"https:\/\/simpozij13.hdzz.hr\/sazeci\/upute-autorima\/#breadcrumb\",\"itemListElement\":[{\"@type\":\"ListItem\",\"position\":1,\"name\":\"Po\u010detna stranica\",\"item\":\"https:\/\/simpozij13.hdzz.hr\/\"},{\"@type\":\"ListItem\",\"position\":2,\"name\":\"Sa\u017eeci\"},{\"@type\":\"ListItem\",\"position\":3,\"name\":\"Upute autorima\"}]},{\"@type\":\"WebSite\",\"@id\":\"https:\/\/simpozij13.hdzz.hr\/en\/#website\",\"url\":\"https:\/\/simpozij13.hdzz.hr\/en\/\",\"name\":\"13th Symposium of the Croatian radiation protection associationHDZZ13\",\"description\":\"Croatian radiation protection association\",\"publisher\":{\"@id\":\"https:\/\/simpozij13.hdzz.hr\/en\/#organization\"},\"potentialAction\":[{\"@type\":\"SearchAction\",\"target\":{\"@type\":\"EntryPoint\",\"urlTemplate\":\"https:\/\/simpozij13.hdzz.hr\/en\/?s={search_term_string}\"},\"query-input\":{\"@type\":\"PropertyValueSpecification\",\"valueRequired\":true,\"valueName\":\"search_term_string\"}}],\"inLanguage\":\"en-US\"},{\"@type\":\"Organization\",\"@id\":\"https:\/\/simpozij13.hdzz.hr\/en\/#organization\",\"name\":\"13. Simpozij Hrvatskog dru\u0161tva za za\u0161titu od zra\u010denja\",\"url\":\"https:\/\/simpozij13.hdzz.hr\/en\/\",\"logo\":{\"@type\":\"ImageObject\",\"inLanguage\":\"en-US\",\"@id\":\"https:\/\/simpozij13.hdzz.hr\/en\/#\/schema\/logo\/image\/\",\"url\":\"https:\/\/simpozij13.hdzz.hr\/wp-content\/uploads\/2022\/11\/HDZZ_en.png\",\"contentUrl\":\"https:\/\/simpozij13.hdzz.hr\/wp-content\/uploads\/2022\/11\/HDZZ_en.png\",\"width\":400,\"height\":400,\"caption\":\"13. Simpozij Hrvatskog dru\u0161tva za za\u0161titu od zra\u010denja\"},\"image\":{\"@id\":\"https:\/\/simpozij13.hdzz.hr\/en\/#\/schema\/logo\/image\/\"}}]}<\/script>\n<!-- \/ Yoast SEO plugin. -->","yoast_head_json":{"title":"[:hr]Upute autorima[:en]Instruction to authors[:] - 13th Symposium of the Croatian radiation protection associationHDZZ13","robots":{"index":"index","follow":"follow","max-snippet":"max-snippet:-1","max-image-preview":"max-image-preview:large","max-video-preview":"max-video-preview:-1"},"canonical":"https:\/\/simpozij13.hdzz.hr\/sazeci\/upute-autorima\/","og_locale":"en_US","og_type":"article","og_title":"[:hr]Upute autorima[:en]Instruction to authors[:] - 13th Symposium of the Croatian radiation protection associationHDZZ13","og_description":"SUMMARIES Unlike previous CRPA symposia, submissions in the form of full papers will no longer be accepted and have been replaced by abstracts. According to the quality of the received abstracts, the&#46;&#46;&#46;","og_url":"https:\/\/simpozij13.hdzz.hr\/sazeci\/upute-autorima\/","og_site_name":"13th Symposium of the Croatian radiation protection associationHDZZ13","article_modified_time":"2023-02-02T08:36:39+00:00","twitter_card":"summary_large_image","twitter_misc":{"Est. reading time":"2 minutes"},"schema":{"@context":"https:\/\/schema.org","@graph":[{"@type":"WebPage","@id":"https:\/\/simpozij13.hdzz.hr\/sazeci\/upute-autorima\/","url":"https:\/\/simpozij13.hdzz.hr\/sazeci\/upute-autorima\/","name":"[:hr]Upute autorima[:en]Instruction to authors[:] - 13th Symposium of the Croatian radiation protection associationHDZZ13","isPartOf":{"@id":"https:\/\/simpozij13.hdzz.hr\/en\/#website"},"datePublished":"2022-11-25T20:55:45+00:00","dateModified":"2023-02-02T08:36:39+00:00","breadcrumb":{"@id":"https:\/\/simpozij13.hdzz.hr\/sazeci\/upute-autorima\/#breadcrumb"},"inLanguage":"en-US","potentialAction":[{"@type":"ReadAction","target":["https:\/\/simpozij13.hdzz.hr\/sazeci\/upute-autorima\/"]}]},{"@type":"BreadcrumbList","@id":"https:\/\/simpozij13.hdzz.hr\/sazeci\/upute-autorima\/#breadcrumb","itemListElement":[{"@type":"ListItem","position":1,"name":"Po\u010detna stranica","item":"https:\/\/simpozij13.hdzz.hr\/"},{"@type":"ListItem","position":2,"name":"Sa\u017eeci"},{"@type":"ListItem","position":3,"name":"Upute autorima"}]},{"@type":"WebSite","@id":"https:\/\/simpozij13.hdzz.hr\/en\/#website","url":"https:\/\/simpozij13.hdzz.hr\/en\/","name":"13th Symposium of the Croatian radiation protection associationHDZZ13","description":"Croatian radiation protection association","publisher":{"@id":"https:\/\/simpozij13.hdzz.hr\/en\/#organization"},"potentialAction":[{"@type":"SearchAction","target":{"@type":"EntryPoint","urlTemplate":"https:\/\/simpozij13.hdzz.hr\/en\/?s={search_term_string}"},"query-input":{"@type":"PropertyValueSpecification","valueRequired":true,"valueName":"search_term_string"}}],"inLanguage":"en-US"},{"@type":"Organization","@id":"https:\/\/simpozij13.hdzz.hr\/en\/#organization","name":"13. Simpozij Hrvatskog dru\u0161tva za za\u0161titu od zra\u010denja","url":"https:\/\/simpozij13.hdzz.hr\/en\/","logo":{"@type":"ImageObject","inLanguage":"en-US","@id":"https:\/\/simpozij13.hdzz.hr\/en\/#\/schema\/logo\/image\/","url":"https:\/\/simpozij13.hdzz.hr\/wp-content\/uploads\/2022\/11\/HDZZ_en.png","contentUrl":"https:\/\/simpozij13.hdzz.hr\/wp-content\/uploads\/2022\/11\/HDZZ_en.png","width":400,"height":400,"caption":"13. Simpozij Hrvatskog dru\u0161tva za za\u0161titu od zra\u010denja"},"image":{"@id":"https:\/\/simpozij13.hdzz.hr\/en\/#\/schema\/logo\/image\/"}}]}},"_links":{"self":[{"href":"https:\/\/simpozij13.hdzz.hr\/en\/wp-json\/wp\/v2\/pages\/133","targetHints":{"allow":["GET"]}}],"collection":[{"href":"https:\/\/simpozij13.hdzz.hr\/en\/wp-json\/wp\/v2\/pages"}],"about":[{"href":"https:\/\/simpozij13.hdzz.hr\/en\/wp-json\/wp\/v2\/types\/page"}],"author":[{"embeddable":true,"href":"https:\/\/simpozij13.hdzz.hr\/en\/wp-json\/wp\/v2\/users\/1"}],"replies":[{"embeddable":true,"href":"https:\/\/simpozij13.hdzz.hr\/en\/wp-json\/wp\/v2\/comments?post=133"}],"version-history":[{"count":19,"href":"https:\/\/simpozij13.hdzz.hr\/en\/wp-json\/wp\/v2\/pages\/133\/revisions"}],"predecessor-version":[{"id":424,"href":"https:\/\/simpozij13.hdzz.hr\/en\/wp-json\/wp\/v2\/pages\/133\/revisions\/424"}],"up":[{"embeddable":true,"href":"https:\/\/simpozij13.hdzz.hr\/en\/wp-json\/wp\/v2\/pages\/131"}],"wp:attachment":[{"href":"https:\/\/simpozij13.hdzz.hr\/en\/wp-json\/wp\/v2\/media?parent=133"}],"curies":[{"name":"wp","href":"https:\/\/api.w.org\/{rel}","templated":true}]}}